{"id":651,"date":"2026-03-18T03:20:22","date_gmt":"2026-03-18T03:20:22","guid":{"rendered":"https:\/\/nostalgiasails.com\/?page_id=651"},"modified":"2026-03-26T02:38:50","modified_gmt":"2026-03-26T02:38:50","slug":"terms-and-conditions","status":"publish","type":"page","link":"https:\/\/nostalgiasails.com\/vi\/terms-and-conditions\/","title":{"rendered":"\u0110i\u1ec1u kho\u1ea3n v\u00e0 \u0111i\u1ec1u ki\u1ec7n"},"content":{"rendered":"<p><strong>Khi b\u1ea1n \u0111\u1eb7t ph\u00f2ng qua \u0111i\u1ec7n tho\u1ea1i ho\u1eb7c email, b\u1ea1n \u0111\u01b0\u1ee3c coi l\u00e0 \u0111\u00e3 \u0111\u1ecdc v\u00e0 ch\u1ea5p nh\u1eadn c\u00e1c \u0111i\u1ec1u ki\u1ec7n v\u00e0 \u0111i\u1ec1u kho\u1ea3n \u0111\u1eb7t ph\u00f2ng c\u1ee7a ch\u00fang t\u00f4i. Vui l\u00f2ng \u0111\u1ecdc k\u1ef9 c\u00e1c \u0111i\u1ec1u kho\u1ea3n v\u00e0 \u0111i\u1ec1u ki\u1ec7n d\u01b0\u1edbi \u0111\u00e2y:<\/strong><\/p>\n<p><strong>TI\u1ec0N \u0110\u1eb6T C\u1eccC B\u1eaeT BU\u1ed8C V\u00c0 THANH TO\u00c1N<\/strong><\/p>\n<p>Khi x\u00e1c nh\u1eadn \u0111\u1eb7t ch\u1ed7, qu\u00fd kh\u00e1ch vui l\u00f2ng thanh to\u00e1n to\u00e0n b\u1ed9 gi\u00e1 tour. Sau khi nh\u1eadn \u0111\u01b0\u1ee3c thanh to\u00e1n, ch\u00fang t\u00f4i hi\u1ec3u r\u1eb1ng qu\u00fd kh\u00e1ch \u0111\u00e3 \u0111\u1ecdc, hi\u1ec3u v\u00e0 ch\u1ea5p nh\u1eadn t\u1ea5t c\u1ea3 c\u00e1c \u0110i\u1ec1u kho\u1ea3n v\u00e0 \u0110i\u1ec1u ki\u1ec7n c\u1ee7a ch\u00fang t\u00f4i.<\/p>\n<p>Ch\u00fang t\u00f4i r\u1ea5t vui khi nh\u1eadn \u0111\u01b0\u1ee3c to\u00e0n b\u1ed9 kho\u1ea3n thanh to\u00e1n v\u00e0o th\u1ebb t\u00edn d\u1ee5ng\/th\u1ebb ghi n\u1ee3 c\u1ee7a qu\u00fd kh\u00e1ch. Xin l\u01b0u \u00fd r\u1eb1ng n\u1ebfu qu\u00fd kh\u00e1ch thanh to\u00e1n b\u1eb1ng th\u1ebb t\u00edn d\u1ee5ng\/th\u1ebb ghi n\u1ee3, s\u1ebd \u00e1p d\u1ee5ng ph\u00ed d\u1ecbch v\u1ee5 3%.<\/p>\n<p><strong>PH\u01af\u01a0NG TH\u1ee8C THANH TO\u00c1N<\/strong><\/p>\n<p>Ch\u00fang t\u00f4i ch\u1ea5p nh\u1eadn thanh to\u00e1n tr\u1ef1c tuy\u1ebfn b\u1eb1ng th\u1ebb t\u00edn d\u1ee5ng th\u00f4ng qua ONEPAY, m\u1ed9t c\u1ed5ng thanh to\u00e1n an to\u00e0n d\u00e0nh cho MasterCard, Visa v\u00e0 American Express. Ch\u00fang t\u00f4i s\u1ebd g\u1eedi cho b\u1ea1n c\u00e1c li\u00ean k\u1ebft thanh to\u00e1n an to\u00e0n sau khi b\u1ea1n ch\u1ea5p nh\u1eadn ph\u01b0\u01a1ng th\u1ee9c n\u00e0y.<\/p>\n<p>B\u1ea1n c\u0169ng c\u00f3 th\u1ec3 ch\u1ecdn thanh to\u00e1n b\u1eb1ng chuy\u1ec3n kho\u1ea3n ng\u00e2n h\u00e0ng ho\u1eb7c Western Union. Vui l\u00f2ng l\u01b0u \u00fd r\u1eb1ng ph\u00ed chuy\u1ec3n kho\u1ea3n kh\u00f4ng bao g\u1ed3m trong gi\u00e1 s\u1ea3n ph\u1ea9m.<\/p>\n<p><strong>CH\u00cdNH S\u00c1CH H\u1ee6Y \u0110\u1eb6T PH\u00d2NG<\/strong><\/p>\n<p><strong>1. Kh\u00e1ch h\u00e0ng h\u1ee7y d\u1ecbch v\u1ee5<\/strong><\/p>\n<p>Trong tr\u01b0\u1eddng h\u1ee3p kh\u00e1ch h\u00e0ng h\u1ee7y tour v\u00ec b\u1ea5t k\u1ef3 l\u00fd do n\u00e0o, c\u00e1c kho\u1ea3n ph\u00ed sau \u0111\u00e2y s\u1ebd ph\u1ea3i \u0111\u01b0\u1ee3c thanh to\u00e1n:<\/p>\n<ul>\n<li>Thay \u0111\u1ed5i ng\u00e0y kh\u1edfi h\u00e0nh tr\u01b0\u1edbc 30 ng\u00e0y: mi\u1ec5n ph\u00ed<\/li>\n<li>Thay \u0111\u1ed5i ng\u00e0y kh\u1edfi h\u00e0nh t\u1eeb 14 \u0111\u1ebfn 29 ng\u00e0y tr\u01b0\u1edbc chuy\u1ebfn \u0111i: 30% t\u1ed5ng gi\u00e1 tr\u1ecb d\u1ecbch v\u1ee5<\/li>\n<li>Thay \u0111\u1ed5i ng\u00e0y kh\u1edfi h\u00e0nh t\u1eeb 7 \u0111\u1ebfn 13 ng\u00e0y tr\u01b0\u1edbc \u0111\u00f3: 50% t\u1ed5ng gi\u00e1 tr\u1ecb d\u1ecbch v\u1ee5<\/li>\n<li>Thay \u0111\u1ed5i ng\u00e0y kh\u1edfi h\u00e0nh t\u1eeb 3 \u0111\u1ebfn 6 ng\u00e0y tr\u01b0\u1edbc \u0111\u00f3: 70% t\u1ed5ng gi\u00e1 tr\u1ecb d\u1ecbch v\u1ee5<\/li>\n<li>Thay \u0111\u1ed5i ng\u00e0y kh\u1edfi h\u00e0nh tr\u01b0\u1edbc 1 \u0111\u1ebfn 2 ng\u00e0y: 80% t\u1ed5ng gi\u00e1 tr\u1ecb d\u1ecbch v\u1ee5<\/li>\n<\/ul>\n<p>This fee scheme counts for all services booked at Nostalgia Sails. Refunding the client is done by banking transfer; the party who cancels pays the banking fee.<\/p>\n<p><strong>2. Services are cancelled by Nostalgia Sails<\/strong><\/p>\n<p>Nostalgia Sails will only cancel the contract if dramatic problems like natural disasters, epidemics, political problems, etc., may occur. In this case, clients will be refunded the total sum of booked services. Should there be any rising services during that time, clients will pay based on the actual amount.<\/p>\n<p>H\u1ee7y b\u1ecf do \u0111i\u1ec1u ki\u1ec7n th\u1eddi ti\u1ebft (do ch\u00ednh quy\u1ec1n \u0111\u1ecba ph\u01b0\u01a1ng ki\u1ec3m so\u00e1t v\u00e0 th\u00f4ng b\u00e1o)<\/p>\n<p>Without prior notice, the cruise trip could be postponed, shortened or cancelled due to unexpected bad weather, including storm\/ typhoon (summer), cyclone, thunder storm, foggy days (winter), monsoon (winter)\u2026 The cruise operation is out of Nostalgia sail\u2019s control under these weather issues.<\/p>\n<p>Tr\u01b0\u1edbc khi c\u00e1c tour kh\u1edfi h\u00e0nh t\u1eeb th\u00e0nh ph\u1ed1 H\u00e0 N\u1ed9i: Ho\u00e0n ti\u1ec1n \u0111\u1ea7y \u0111\u1ee7.<\/p>\n<p>Sau khi kh\u00e1ch \u0111\u1ebfn V\u1ecbnh H\u1ea1 Long: Chi ph\u00ed tour d\u1ef1a tr\u00ean d\u1ecbch v\u1ee5 \u0111\u00e3 ho\u00e0n t\u1ea5t: ch\u1ec9 bao g\u1ed3m \u0103n u\u1ed1ng, \u0111\u01b0a \u0111\u00f3n, chuy\u1ebfn \u0111i thuy\u1ec1n trong ng\u00e0y, ph\u1ea7n c\u00f2n l\u1ea1i s\u1ebd \u0111\u01b0\u1ee3c ho\u00e0n tr\u1ea3<\/p>\n<p>Kh\u00e1ch l\u01b0u tr\u00fa tr\u00ean t\u00e0u, chuy\u1ebfn \u0111i \u0111\u01b0\u1ee3c r\u00fat ng\u1eafn: Chi ph\u00ed tour d\u1ef1a tr\u00ean d\u1ecbch v\u1ee5 \u0111\u00e3 ho\u00e0n th\u00e0nh: th\u1eddi gian chuy\u1ebfn \u0111i, b\u1eefa \u0103n, \u0111\u01b0a \u0111\u00f3n, c\u00e1c ho\u1ea1t \u0111\u1ed9ng\u2026 ph\u1ea7n c\u00f2n l\u1ea1i s\u1ebd \u0111\u01b0\u1ee3c ho\u00e0n tr\u1ea3.<\/p>\n<p><strong>T\u00ccNH H\u00ccNH HO\u00c0N TI\u1ec0N<\/strong><\/p>\n<p>All cancellations must be received in writing, sent to us via email. Before a determination regarding a refund can be made, all documents must be returned to Nostalgia Sails. All refund requests pertaining to cruise and other services are subject to final review by Nostalgia Sails.<\/p>\n<p>Trong tr\u01b0\u1eddng h\u1ee3p tour b\u1ecb h\u1ee7y do th\u1eddi ti\u1ebft x\u1ea5u, vi\u1ec7c ho\u00e0n ti\u1ec1n s\u1ebd \u0111\u01b0\u1ee3c th\u1ef1c hi\u1ec7n to\u00e0n b\u1ed9 ho\u1eb7c m\u1ed9t ph\u1ea7n d\u1ef1a tr\u00ean d\u1ecbch v\u1ee5 \u0111\u00e3 \u0111\u01b0\u1ee3c cung c\u1ea5p cho kh\u00e1ch h\u00e0ng tr\u01b0\u1edbc khi b\u1ecb h\u1ee7y.<\/p>\n<p>Vui l\u00f2ng l\u01b0u \u00fd r\u1eb1ng kho\u1ea3n ho\u00e0n ti\u1ec1n kh\u00f4ng bao g\u1ed3m ph\u00ed d\u1ecbch v\u1ee5 \u0111\u1ed1i v\u1edbi c\u00e1c h\u00ecnh th\u1ee9c thanh to\u00e1n b\u1eb1ng th\u1ebb t\u00edn d\u1ee5ng ho\u1eb7c thanh to\u00e1n tr\u1ef1c tuy\u1ebfn.<\/p>\n<p>S\u1ebd kh\u00f4ng ho\u00e0n ti\u1ec1n cho c\u00e1c d\u1ecbch v\u1ee5 kh\u00f4ng s\u1eed d\u1ee5ng ho\u1eb7c tr\u01b0\u1eddng h\u1ee3p kh\u00f4ng \u0111\u1ebfn. C\u00f3 th\u1ec3 m\u1ea5t \u0111\u1ebfn 15 ng\u00e0y \u0111\u1ec3 kho\u1ea3n ti\u1ec1n ho\u00e0n l\u1ea1i xu\u1ea5t hi\u1ec7n trong sao k\u00ea t\u00e0i kho\u1ea3n ng\u00e2n h\u00e0ng c\u1ee7a b\u1ea1n.<\/p>\n<p><strong>C\u00c1CH TH\u1ee8C MUA B\u1ea2O HI\u1ec2M<\/strong><\/p>\n<p>B\u1ea3o hi\u1ec3m tr\u00ean t\u00e0u \u0111\u01b0\u1ee3c mua cho h\u00e0nh kh\u00e1ch theo quy \u0111\u1ecbnh c\u1ee7a ph\u00e1p lu\u1eadt Vi\u1ec7t Nam, v\u00e0 ch\u1ec9 bao g\u1ed3m c\u00e1c tai n\u1ea1n c\u01a1 b\u1ea3n, v\u00ec v\u1eady ch\u00fang t\u00f4i \u0111\u1eb7c bi\u1ec7t khuy\u1ebfn ngh\u1ecb b\u1ea1n n\u00ean mua b\u1ea3o hi\u1ec3m ri\u00eang tr\u01b0\u1edbc khi kh\u1edfi h\u00e0nh \u0111\u1ebfn Vi\u1ec7t Nam v\u00e0 tr\u01b0\u1edbc khi tham gia chuy\u1ebfn du l\u1ecbch c\u00f9ng ch\u00fang t\u00f4i.<\/p>\n<p><strong>GI\u1ea4Y T\u1edc C\u1ea6N THI\u1ebeT KHI DU L\u1ecaCH<\/strong><\/p>\n<p>Phi\u1ebfu d\u1ecbch v\u1ee5 s\u1ebd \u0111\u01b0\u1ee3c l\u1eadp sau khi nh\u1eadn \u0111\u01b0\u1ee3c ti\u1ec1n \u0111\u1eb7t c\u1ecdc v\u00e0 g\u1eedi cho kh\u00e1ch tr\u01b0\u1edbc khi kh\u1edfi h\u00e0nh. C\u00e1c t\u00e0i li\u1ec7u n\u00e0y s\u1ebd \u0111\u01b0\u1ee3c g\u1eedi qua email, v\u00e0 ng\u01b0\u1eddi tham gia n\u00ean in ra v\u00e0 gi\u1eef l\u1ea1i l\u00e0m bi\u00ean lai.<\/p>\n<p>It is the guest\u2019s obligation to obtain a valid passport, visas and public health documents and travel insurance for your traveling time in Vietnam.<\/p>\n<p><strong>T\u00c0I S\u1ea2N C\u00c1 NH\u00c2N V\u00c0 \u0110\u1ed2 D\u00d9NG C\u00c1 NH\u00c2N<\/strong><\/p>\n<p>In general, customer\u2019s luggage is sent directly from habour to the boat and back by our transfer service. Thus, all of your valuables, fragile or perishable things including your electronic devices (computer, mobile phone, Ipad, digital camera\u2026) money, passports should be kept by your side, in your hand bag. Nostalgia Sails will not be responsible for any loss or damage with these things stored in packed luggage. Others like clothing, footwear or bulky items you can put in your checked baggage.<\/p>\n<p>H\u00e0ng h\u00f3a d\u1ec5 ch\u00e1y v\u00e0 nguy hi\u1ec3m, ch\u1eb3ng h\u1ea1n nh\u01b0 s\u00fang, \u0111\u1ea1n d\u01b0\u1ee3c, c\u1ee7i, v\u0169 kh\u00ed, v.v., kh\u00f4ng \u0111\u01b0\u1ee3c ph\u00e9p mang l\u00ean thuy\u1ec1n.<\/p>\n<p>Khi l\u00ean t\u00e0u, c\u00e1c v\u1eadt d\u1ee5ng c\u00e1 nh\u00e2n c\u00f3 gi\u00e1 tr\u1ecb c\u00f3 th\u1ec3 \u0111\u01b0\u1ee3c g\u1eedi gi\u1eef t\u1ea1i qu\u1ea7y l\u1ec5 t\u00e2n. H\u00e3y \u0111\u1ea3m b\u1ea3o nh\u00e2n vi\u00ean l\u1ec5 t\u00e2n ho\u1eb7c ng\u01b0\u1eddi qu\u1ea3n l\u00fd tr\u1ef1c ca x\u00e1c nh\u1eadn \u0111\u00e3 nh\u1eadn \u0111\u01b0\u1ee3c \u0111\u1ed3 v\u1eadt c\u00f3 gi\u00e1 tr\u1ecb c\u1ee7a b\u1ea1n.<\/p>\n<p>In case of loss or damage, you need to report to us immediately and we will check and solve the problem together. Nostalgia Sails are limited in our liability for customer\u2019s personal belongings.<\/p>\n<p>\u0110\u1ed1i v\u1edbi c\u00e1c \u0111\u1ed3 v\u1eadt b\u1ecb th\u1ea5t l\u1ea1c, nh\u00e2n vi\u00ean c\u1ee7a ch\u00fang t\u00f4i lu\u00f4n x\u1eed l\u00fd v\u1ea5n \u0111\u1ec1 n\u00e0y v\u00e0 b\u00e1o c\u00e1o b\u1ea5t k\u1ef3 tr\u01b0\u1eddng h\u1ee3p m\u1ea5t m\u00e1t n\u00e0o sau khi chuy\u1ebfn \u0111i k\u1ebft th\u00fac. N\u1ebfu qu\u00fd kh\u00e1ch qu\u00ean \u0111\u1ed3 tr\u00ean t\u00e0u, vui l\u00f2ng cung c\u1ea5p cho ch\u00fang t\u00f4i th\u00f4ng tin c\u1ee5 th\u1ec3 v\u1ec1 \u0111\u1ed3 \u0111\u1ea1c c\u1ee7a qu\u00fd kh\u00e1ch, ch\u00fang t\u00f4i s\u1ebd t\u00ecm ki\u1ebfm v\u00e0 n\u1ed7 l\u1ef1c h\u1ebft s\u1ee9c \u0111\u1ec3 tr\u1ea3 l\u1ea1i \u0111\u1ed3 v\u1eadt b\u1ecb b\u1ecf qu\u00ean tr\u00ean t\u00e0u cho ch\u1ee7 s\u1edf h\u1eefu. Qu\u00fd kh\u00e1ch c\u00f3 th\u1ec3 nh\u1eadn l\u1ea1i \u0111\u1ed3 th\u1ea5t l\u1ea1c t\u1ea1i v\u0103n ph\u00f2ng c\u1ee7a ch\u00fang t\u00f4i \u1edf H\u00e0 N\u1ed9i ho\u1eb7c ch\u00fang t\u00f4i c\u00f3 th\u1ec3 g\u1eedi tr\u1ef1c ti\u1ebfp cho qu\u00fd kh\u00e1ch v\u00e0 qu\u00fd kh\u00e1ch s\u1ebd thanh to\u00e1n ph\u00ed v\u1eadn chuy\u1ec3n. Ch\u00fang t\u00f4i kh\u00f4ng ch\u1ecbu tr\u00e1ch nhi\u1ec7m \u0111\u1ed1i v\u1edbi b\u1ea5t k\u1ef3 \u0111\u1ed3 v\u1eadt n\u00e0o b\u1ecb m\u1ea5t \u0111\u01b0\u1ee3c b\u00e1o c\u00e1o sau khi b\u1ea1n tr\u1edf v\u1ec1 nh\u00e0 ho\u1eb7c chuy\u1ec3n \u0111\u1ebfn \u0111\u1ecba \u0111i\u1ec3m kh\u00e1c.<\/p>\n<p><strong>TR\u00c1CH NHI\u1ec6M<\/strong><\/p>\n<p>Ngay sau khi x\u00e1c nh\u1eadn \u0111\u1eb7t ch\u1ed7 v\u1edbi qu\u00fd kh\u00e1ch, ch\u00fang t\u00f4i s\u1ebd n\u1ed7 l\u1ef1c h\u1ebft s\u1ee9c \u0111\u1ec3 \u0111\u1ea3m b\u1ea3o c\u00e1c d\u1ecbch v\u1ee5 \u0111\u01b0\u1ee3c cung c\u1ea5p \u0111\u1ea1t ti\u00eau chu\u1ea9n cao nh\u1ea5t v\u00e0 tu\u00e2n th\u1ee7 theo \u0111\u00fang m\u00f4 t\u1ea3 trong l\u1ecbch tr\u00ecnh. Tuy nhi\u00ean, ch\u00fang t\u00f4i kh\u00f4ng ch\u1ecbu tr\u00e1ch nhi\u1ec7m cho b\u1ea5t k\u1ef3 v\u1ea5n \u0111\u1ec1 n\u00e0o ph\u00e1t sinh t\u1eeb vi\u1ec7c \u0111\u1eb7t ch\u1ed7 ho\u1eb7c c\u00e1c d\u1ecbch v\u1ee5 m\u00e0 ch\u00fang t\u00f4i kh\u00f4ng tr\u1ef1c ti\u1ebfp ki\u1ec3m so\u00e1t.<\/p>\n<p>Vui l\u00f2ng ch\u00fa \u00fd \u0111\u1ebfn t\u00e0i s\u1ea3n qu\u00fd gi\u00e1 c\u1ee7a qu\u00fd kh\u00e1ch. Ch\u00fang t\u00f4i kh\u00f4ng ch\u1ecbu tr\u00e1ch nhi\u1ec7m \u0111\u1ed1i v\u1edbi vi\u1ec7c m\u1ea5t m\u00e1t ho\u1eb7c h\u01b0 h\u1ecfng h\u00e0nh l\u00fd do ch\u1eadm chuy\u1ebfn, tai n\u1ea1n, thi\u00ean tai ho\u1eb7c c\u00e1c h\u00e0nh \u0111\u1ed9ng ch\u00ednh tr\u1ecb, ngo\u1ea1i tr\u1eeb t\u00e0i s\u1ea3n \u0111\u01b0\u1ee3c c\u1ea5t gi\u1eef trong k\u00e9t an to\u00e0n t\u1ea1i qu\u1ea7y l\u1ec5 t\u00e2n tr\u00ean t\u00e0u.<\/p>\n<p>Ch\u00fang t\u00f4i kh\u00f4ng ch\u1ecbu tr\u00e1ch nhi\u1ec7m \u0111\u1ed1i v\u1edbi b\u1ea5t k\u1ef3 th\u01b0\u01a1ng t\u00edch v\u1ec1 tinh th\u1ea7n ho\u1eb7c th\u1ec3 ch\u1ea5t, b\u1ec7nh t\u1eadt, m\u1ea5t m\u00e1t ho\u1eb7c t\u1eed vong n\u00e0o khi nh\u1eefng thi\u1ec7t h\u1ea1i \u0111\u00f3 kh\u00f4ng ph\u1ea3i do th\u01b0\u01a1ng t\u00edch v\u1ec1 th\u1ec3 ch\u1ea5t c\u1ee7a H\u00e0nh kh\u00e1ch g\u00e2y ra, c\u0169ng kh\u00f4ng ph\u1ea3i do H\u00e0nh kh\u00e1ch kh\u00f4ng th\u1ef1c s\u1ef1 g\u1eb7p nguy hi\u1ec3m v\u1ec1 th\u1ec3 ch\u1ea5t, v\u00e0 c\u0169ng kh\u00f4ng ph\u1ea3i do ch\u00fang t\u00f4i c\u1ed1 \u00fd g\u00e2y ra.<\/p>\n<p>If there is a dispute amongst passengers, Nostalgia Sails and\/or a third party, Vietnamese law will be applied.<\/p>","protected":false},"excerpt":{"rendered":"<p>When you make a reservation over the phone or by email, you are considered to have read and accepted our booking conditions and terms. Please kindly read carefully these terms and conditions below: REQUIRED DEPOSIT AND BALANCE PAYMENT A full payment of the total tour price is required upon the confirmation of your booking. Once [&hellip;]<\/p>\n","protected":false},"author":1,"featured_media":575,"parent":0,"menu_order":1,"comment_status":"closed","ping_status":"closed","template":"pages\/terms-and-conditions.php","meta":{"_acf_changed":false,"footnotes":""},"class_list":["post-651","page","type-page","status-publish","has-post-thumbnail","hentry"],"acf":[],"_links":{"self":[{"href":"https:\/\/nostalgiasails.com\/vi\/wp-json\/wp\/v2\/pages\/651","targetHints":{"allow":["GET"]}}],"collection":[{"href":"https:\/\/nostalgiasails.com\/vi\/wp-json\/wp\/v2\/pages"}],"about":[{"href":"https:\/\/nostalgiasails.com\/vi\/wp-json\/wp\/v2\/types\/page"}],"author":[{"embeddable":true,"href":"https:\/\/nostalgiasails.com\/vi\/wp-json\/wp\/v2\/users\/1"}],"replies":[{"embeddable":true,"href":"https:\/\/nostalgiasails.com\/vi\/wp-json\/wp\/v2\/comments?post=651"}],"version-history":[{"count":4,"href":"https:\/\/nostalgiasails.com\/vi\/wp-json\/wp\/v2\/pages\/651\/revisions"}],"predecessor-version":[{"id":775,"href":"https:\/\/nostalgiasails.com\/vi\/wp-json\/wp\/v2\/pages\/651\/revisions\/775"}],"wp:featuredmedia":[{"embeddable":true,"href":"https:\/\/nostalgiasails.com\/vi\/wp-json\/wp\/v2\/media\/575"}],"wp:attachment":[{"href":"https:\/\/nostalgiasails.com\/vi\/wp-json\/wp\/v2\/media?parent=651"}],"curies":[{"name":"wp","href":"https:\/\/api.w.org\/{rel}","templated":true}]}}