{"id":648,"date":"2026-03-18T03:12:25","date_gmt":"2026-03-18T03:12:25","guid":{"rendered":"https:\/\/nostalgiasails.com\/?page_id=648"},"modified":"2026-03-29T15:40:32","modified_gmt":"2026-03-29T15:40:32","slug":"privacy-policy","status":"publish","type":"page","link":"https:\/\/nostalgiasails.com\/vi\/privacy-policy\/","title":{"rendered":"B\u1ea3o m\u1eadt c\u00e1 nh\u00e2n"},"content":{"rendered":"<p><strong>T\u1ea1i Nostalgia Sails, c\u00f3 th\u1ec3 truy c\u1eadp qua trang web www.nostalgiasails.com, m\u1ed9t trong nh\u1eefng \u01b0u ti\u00ean h\u00e0ng \u0111\u1ea7u c\u1ee7a ch\u00fang t\u00f4i l\u00e0 b\u1ea3o v\u1ec7 quy\u1ec1n ri\u00eang t\u01b0 c\u1ee7a kh\u00e1ch truy c\u1eadp. T\u00e0i li\u1ec7u Ch\u00ednh s\u00e1ch B\u1ea3o m\u1eadt n\u00e0y m\u00f4 t\u1ea3 c\u00e1c lo\u1ea1i th\u00f4ng tin m\u00e0 Nostalgia Sails thu th\u1eadp v\u00e0 ghi l\u1ea1i, c\u0169ng nh\u01b0 c\u00e1ch ch\u00fang t\u00f4i s\u1eed d\u1ee5ng th\u00f4ng tin \u0111\u00f3.<\/strong><\/p>\n<p>N\u1ebfu b\u1ea1n c\u00f3 th\u00eam c\u00e2u h\u1ecfi ho\u1eb7c c\u1ea7n th\u00eam th\u00f4ng tin v\u1ec1 Ch\u00ednh s\u00e1ch b\u1ea3o m\u1eadt c\u1ee7a ch\u00fang t\u00f4i, \u0111\u1eebng ng\u1ea7n ng\u1ea1i li\u00ean h\u1ec7 v\u1edbi ch\u00fang t\u00f4i.<\/p>\n<p>Ch\u00ednh s\u00e1ch b\u1ea3o m\u1eadt n\u00e0y ch\u1ec9 \u00e1p d\u1ee5ng cho c\u00e1c ho\u1ea1t \u0111\u1ed9ng tr\u1ef1c tuy\u1ebfn c\u1ee7a ch\u00fang t\u00f4i v\u00e0 c\u00f3 hi\u1ec7u l\u1ef1c \u0111\u1ed1i v\u1edbi kh\u00e1ch truy c\u1eadp trang web c\u1ee7a ch\u00fang t\u00f4i li\u00ean quan \u0111\u1ebfn th\u00f4ng tin m\u00e0 h\u1ecd \u0111\u00e3 chia s\u1ebb v\u00e0\/ho\u1eb7c thu th\u1eadp tr\u00ean Nostalgia Sails. Ch\u00ednh s\u00e1ch n\u00e0y kh\u00f4ng \u00e1p d\u1ee5ng cho b\u1ea5t k\u1ef3 th\u00f4ng tin n\u00e0o \u0111\u01b0\u1ee3c thu th\u1eadp ngo\u1ea1i tuy\u1ebfn ho\u1eb7c th\u00f4ng qua c\u00e1c k\u00eanh kh\u00e1c ngo\u00e0i trang web n\u00e0y.<\/p>\n<p><strong>B\u1eb1ng l\u00f2ng<\/strong><\/p>\n<p>B\u1eb1ng c\u00e1ch s\u1eed d\u1ee5ng trang web c\u1ee7a ch\u00fang t\u00f4i, b\u1ea1n \u0111\u1ed3ng \u00fd v\u1edbi Ch\u00ednh s\u00e1ch B\u1ea3o m\u1eadt c\u1ee7a ch\u00fang t\u00f4i v\u00e0 ch\u1ea5p nh\u1eadn c\u00e1c \u0111i\u1ec1u kho\u1ea3n c\u1ee7a ch\u00ednh s\u00e1ch n\u00e0y.<\/p>\n<p><strong>Th\u00f4ng tin ch\u00fang t\u00f4i thu th\u1eadp<\/strong><\/p>\n<p>Th\u00f4ng tin c\u00e1 nh\u00e2n m\u00e0 b\u1ea1n \u0111\u01b0\u1ee3c y\u00eau c\u1ea7u cung c\u1ea5p, v\u00e0 l\u00fd do t\u1ea1i sao b\u1ea1n \u0111\u01b0\u1ee3c y\u00eau c\u1ea7u cung c\u1ea5p th\u00f4ng tin \u0111\u00f3, s\u1ebd \u0111\u01b0\u1ee3c l\u00e0m r\u00f5 cho b\u1ea1n t\u1ea1i th\u1eddi \u0111i\u1ec3m ch\u00fang t\u00f4i y\u00eau c\u1ea7u b\u1ea1n cung c\u1ea5p th\u00f4ng tin c\u00e1 nh\u00e2n.<\/p>\n<p>N\u1ebfu b\u1ea1n li\u00ean h\u1ec7 tr\u1ef1c ti\u1ebfp v\u1edbi ch\u00fang t\u00f4i, ch\u00fang t\u00f4i c\u00f3 th\u1ec3 nh\u1eadn \u0111\u01b0\u1ee3c th\u00eam th\u00f4ng tin v\u1ec1 b\u1ea1n, ch\u1eb3ng h\u1ea1n nh\u01b0 t\u00ean, \u0111\u1ecba ch\u1ec9 email, s\u1ed1 \u0111i\u1ec7n tho\u1ea1i, n\u1ed9i dung tin nh\u1eafn v\u00e0\/ho\u1eb7c t\u1ec7p \u0111\u00ednh k\u00e8m b\u1ea1n g\u1eedi cho ch\u00fang t\u00f4i, v\u00e0 b\u1ea5t k\u1ef3 th\u00f4ng tin n\u00e0o kh\u00e1c m\u00e0 b\u1ea1n ch\u1ecdn cung c\u1ea5p.<\/p>\n<p>Khi b\u1ea1n \u0111\u0103ng k\u00fd t\u00e0i kho\u1ea3n, ch\u00fang t\u00f4i c\u00f3 th\u1ec3 y\u00eau c\u1ea7u th\u00f4ng tin li\u00ean h\u1ec7 c\u1ee7a b\u1ea1n, bao g\u1ed3m c\u00e1c m\u1ee5c nh\u01b0 t\u00ean, t\u00ean c\u00f4ng ty, \u0111\u1ecba ch\u1ec9, \u0111\u1ecba ch\u1ec9 email v\u00e0 s\u1ed1 \u0111i\u1ec7n tho\u1ea1i.<\/p>\n<p><strong>C\u00e1ch ch\u00fang t\u00f4i s\u1eed d\u1ee5ng th\u00f4ng tin c\u1ee7a b\u1ea1n<\/strong><\/p>\n<p>Ch\u00fang t\u00f4i s\u1eed d\u1ee5ng th\u00f4ng tin thu th\u1eadp \u0111\u01b0\u1ee3c theo nhi\u1ec1u c\u00e1ch kh\u00e1c nhau, bao g\u1ed3m c\u1ea3 vi\u1ec7c:<\/p>\n<p>\u2013 Cung c\u1ea5p, v\u1eadn h\u00e0nh v\u00e0 b\u1ea3o tr\u00ec trang web c\u1ee7a ch\u00fang t\u00f4i<\/p>\n<p>\u2013 C\u1ea3i thi\u1ec7n, c\u00e1 nh\u00e2n h\u00f3a v\u00e0 m\u1edf r\u1ed9ng trang web c\u1ee7a ch\u00fang t\u00f4i.<\/p>\n<p>\u2013 Hi\u1ec3u v\u00e0 ph\u00e2n t\u00edch c\u00e1ch b\u1ea1n s\u1eed d\u1ee5ng trang web c\u1ee7a ch\u00fang t\u00f4i.<\/p>\n<p>\u2013 Ph\u00e1t tri\u1ec3n c\u00e1c s\u1ea3n ph\u1ea9m, d\u1ecbch v\u1ee5, t\u00ednh n\u0103ng v\u00e0 ch\u1ee9c n\u0103ng m\u1edbi<\/p>\n<p>\u2013 Ch\u00fang t\u00f4i s\u1ebd li\u00ean l\u1ea1c v\u1edbi b\u1ea1n, tr\u1ef1c ti\u1ebfp ho\u1eb7c th\u00f4ng qua m\u1ed9t trong c\u00e1c \u0111\u1ed1i t\u00e1c c\u1ee7a ch\u00fang t\u00f4i, bao g\u1ed3m c\u1ea3 d\u1ecbch v\u1ee5 kh\u00e1ch h\u00e0ng, \u0111\u1ec3 cung c\u1ea5p cho b\u1ea1n c\u00e1c b\u1ea3n c\u1eadp nh\u1eadt v\u00e0 th\u00f4ng tin kh\u00e1c li\u00ean quan \u0111\u1ebfn trang web, c\u0169ng nh\u01b0 cho m\u1ee5c \u0111\u00edch ti\u1ebfp th\u1ecb v\u00e0 qu\u1ea3ng c\u00e1o.<\/p>\n<p>\u2013 G\u1eedi email cho b\u1ea1n<\/p>\n<p>\u2013 Ph\u00e1t hi\u1ec7n v\u00e0 ng\u0103n ch\u1eb7n gian l\u1eadn<\/p>\n<p><strong>T\u1ec7p nh\u1eadt k\u00fd<\/strong><\/p>\n<p>Nostalgia Sails tu\u00e2n th\u1ee7 quy tr\u00ecnh ti\u00eau chu\u1ea9n s\u1eed d\u1ee5ng t\u1eadp tin nh\u1eadt k\u00fd. C\u00e1c t\u1eadp tin n\u00e0y ghi l\u1ea1i th\u00f4ng tin kh\u00e1ch truy c\u1eadp khi h\u1ecd truy c\u1eadp trang web. T\u1ea5t c\u1ea3 c\u00e1c c\u00f4ng ty l\u01b0u tr\u1eef \u0111\u1ec1u th\u1ef1c hi\u1ec7n \u0111i\u1ec1u n\u00e0y nh\u01b0 m\u1ed9t ph\u1ea7n c\u1ee7a ph\u00e2n t\u00edch d\u1ecbch v\u1ee5 l\u01b0u tr\u1eef. Th\u00f4ng tin \u0111\u01b0\u1ee3c thu th\u1eadp b\u1edfi c\u00e1c t\u1eadp tin nh\u1eadt k\u00fd bao g\u1ed3m \u0111\u1ecba ch\u1ec9 giao th\u1ee9c internet (IP), lo\u1ea1i tr\u00ecnh duy\u1ec7t, nh\u00e0 cung c\u1ea5p d\u1ecbch v\u1ee5 internet (ISP), ng\u00e0y v\u00e0 gi\u1edd, trang tham chi\u1ebfu\/trang tho\u00e1t v\u00e0 c\u00f3 th\u1ec3 c\u1ea3 s\u1ed1 l\u1ea7n nh\u1ea5p chu\u1ed9t. Nh\u1eefng th\u00f4ng tin n\u00e0y kh\u00f4ng \u0111\u01b0\u1ee3c li\u00ean k\u1ebft v\u1edbi b\u1ea5t k\u1ef3 th\u00f4ng tin n\u00e0o c\u00f3 th\u1ec3 nh\u1eadn d\u1ea1ng c\u00e1 nh\u00e2n. M\u1ee5c \u0111\u00edch c\u1ee7a th\u00f4ng tin l\u00e0 \u0111\u1ec3 ph\u00e2n t\u00edch xu h\u01b0\u1edbng, qu\u1ea3n tr\u1ecb trang web, theo d\u00f5i ho\u1ea1t \u0111\u1ed9ng c\u1ee7a ng\u01b0\u1eddi d\u00f9ng tr\u00ean trang web v\u00e0 thu th\u1eadp th\u00f4ng tin nh\u00e2n kh\u1ea9u h\u1ecdc. Ch\u00ednh s\u00e1ch b\u1ea3o m\u1eadt c\u1ee7a ch\u00fang t\u00f4i \u0111\u01b0\u1ee3c t\u1ea1o ra v\u1edbi s\u1ef1 tr\u1ee3 gi\u00fap c\u1ee7a Tr\u00ecnh t\u1ea1o Ch\u00ednh s\u00e1ch B\u1ea3o m\u1eadt v\u00e0 Tr\u00ecnh t\u1ea1o Ch\u00ednh s\u00e1ch B\u1ea3o m\u1eadt Tr\u1ef1c tuy\u1ebfn.<\/p>\n<p><strong>Cookies v\u00e0 Web Beacons<\/strong><\/p>\n<p>Gi\u1ed1ng nh\u01b0 b\u1ea5t k\u1ef3 trang web n\u00e0o kh\u00e1c, Nostalgia Sails s\u1eed d\u1ee5ng 'cookie'. C\u00e1c cookie n\u00e0y \u0111\u01b0\u1ee3c s\u1eed d\u1ee5ng \u0111\u1ec3 l\u01b0u tr\u1eef th\u00f4ng tin bao g\u1ed3m s\u1edf th\u00edch c\u1ee7a kh\u00e1ch truy c\u1eadp v\u00e0 c\u00e1c trang tr\u00ean trang web m\u00e0 kh\u00e1ch truy c\u1eadp \u0111\u00e3 truy c\u1eadp. Th\u00f4ng tin n\u00e0y \u0111\u01b0\u1ee3c s\u1eed d\u1ee5ng \u0111\u1ec3 t\u1ed1i \u01b0u h\u00f3a tr\u1ea3i nghi\u1ec7m ng\u01b0\u1eddi d\u00f9ng b\u1eb1ng c\u00e1ch t\u00f9y ch\u1ec9nh n\u1ed9i dung trang web c\u1ee7a ch\u00fang t\u00f4i d\u1ef1a tr\u00ean lo\u1ea1i tr\u00ecnh duy\u1ec7t c\u1ee7a kh\u00e1ch truy c\u1eadp v\u00e0\/ho\u1eb7c c\u00e1c th\u00f4ng tin kh\u00e1c.<\/p>\n<p>\u0110\u1ec3 bi\u1ebft th\u00eam th\u00f4ng tin t\u1ed5ng qu\u00e1t v\u1ec1 cookie, vui l\u00f2ng \u0111\u1ecdc b\u00e0i vi\u1ebft \u201cCookie l\u00e0 g\u00ec?\u201d.<\/p>\n<p>Google DoubleClick DART Cookie<\/p>\n<p>Google l\u00e0 m\u1ed9t trong nh\u1eefng nh\u00e0 cung c\u1ea5p b\u00ean th\u1ee9 ba tr\u00ean trang web c\u1ee7a ch\u00fang t\u00f4i. Google c\u0169ng s\u1eed d\u1ee5ng cookie, \u0111\u01b0\u1ee3c g\u1ecdi l\u00e0 cookie DART, \u0111\u1ec3 hi\u1ec3n th\u1ecb qu\u1ea3ng c\u00e1o cho kh\u00e1ch truy c\u1eadp trang web c\u1ee7a ch\u00fang t\u00f4i d\u1ef1a tr\u00ean l\u01b0\u1ee3t truy c\u1eadp c\u1ee7a h\u1ecd v\u00e0o www.website.com v\u00e0 c\u00e1c trang web kh\u00e1c tr\u00ean internet. Tuy nhi\u00ean, kh\u00e1ch truy c\u1eadp c\u00f3 th\u1ec3 ch\u1ecdn t\u1eeb ch\u1ed1i s\u1eed d\u1ee5ng cookie DART b\u1eb1ng c\u00e1ch truy c\u1eadp Ch\u00ednh s\u00e1ch Quy\u1ec1n ri\u00eang t\u01b0 c\u1ee7a m\u1ea1ng qu\u1ea3ng c\u00e1o v\u00e0 n\u1ed9i dung c\u1ee7a Google t\u1ea1i URL sau \u2013 https:\/\/policies.google.com\/technologies\/ads<\/p>\n<p><strong>C\u00e1c \u0111\u1ed1i t\u00e1c qu\u1ea3ng c\u00e1o c\u1ee7a ch\u00fang t\u00f4i<\/strong><\/p>\n<p>M\u1ed9t s\u1ed1 nh\u00e0 qu\u1ea3ng c\u00e1o tr\u00ean trang web c\u1ee7a ch\u00fang t\u00f4i c\u00f3 th\u1ec3 s\u1eed d\u1ee5ng cookie v\u00e0 web beacon. C\u00e1c \u0111\u1ed1i t\u00e1c qu\u1ea3ng c\u00e1o c\u1ee7a ch\u00fang t\u00f4i \u0111\u01b0\u1ee3c li\u1ec7t k\u00ea b\u00ean d\u01b0\u1edbi. M\u1ed7i \u0111\u1ed1i t\u00e1c qu\u1ea3ng c\u00e1o c\u1ee7a ch\u00fang t\u00f4i \u0111\u1ec1u c\u00f3 Ch\u00ednh s\u00e1ch B\u1ea3o m\u1eadt ri\u00eang v\u1ec1 vi\u1ec7c x\u1eed l\u00fd d\u1eef li\u1ec7u ng\u01b0\u1eddi d\u00f9ng. \u0110\u1ec3 d\u1ec5 d\u00e0ng truy c\u1eadp, ch\u00fang t\u00f4i \u0111\u00e3 li\u00ean k\u1ebft \u0111\u1ebfn Ch\u00ednh s\u00e1ch B\u1ea3o m\u1eadt c\u1ee7a h\u1ecd b\u00ean d\u01b0\u1edbi.<\/p>\n<p>Google<\/p>\n<p>https:\/\/policies.google.com\/technologies\/ads<\/p>\n<p><strong>Ch\u00ednh s\u00e1ch b\u1ea3o m\u1eadt c\u1ee7a c\u00e1c \u0111\u1ed1i t\u00e1c qu\u1ea3ng c\u00e1o<\/strong><\/p>\n<p>B\u1ea1n c\u00f3 th\u1ec3 tham kh\u1ea3o danh s\u00e1ch n\u00e0y \u0111\u1ec3 t\u00ecm Ch\u00ednh s\u00e1ch B\u1ea3o m\u1eadt c\u1ee7a t\u1eebng \u0111\u1ed1i t\u00e1c qu\u1ea3ng c\u00e1o c\u1ee7a Nostalgia Sails.<\/p>\n<p>C\u00e1c m\u00e1y ch\u1ee7 qu\u1ea3ng c\u00e1o ho\u1eb7c m\u1ea1ng l\u01b0\u1edbi qu\u1ea3ng c\u00e1o c\u1ee7a b\u00ean th\u1ee9 ba s\u1eed d\u1ee5ng c\u00e1c c\u00f4ng ngh\u1ec7 nh\u01b0 cookie, JavaScript ho\u1eb7c Web Beacons \u0111\u01b0\u1ee3c d\u00f9ng trong c\u00e1c qu\u1ea3ng c\u00e1o v\u00e0 li\u00ean k\u1ebft c\u1ee7a h\u1ecd xu\u1ea5t hi\u1ec7n tr\u00ean Nostalgia Sails, v\u00e0 \u0111\u01b0\u1ee3c g\u1eedi tr\u1ef1c ti\u1ebfp \u0111\u1ebfn tr\u00ecnh duy\u1ec7t c\u1ee7a ng\u01b0\u1eddi d\u00f9ng. H\u1ecd t\u1ef1 \u0111\u1ed9ng nh\u1eadn \u0111\u1ecba ch\u1ec9 IP c\u1ee7a b\u1ea1n khi \u0111i\u1ec1u n\u00e0y x\u1ea3y ra. C\u00e1c c\u00f4ng ngh\u1ec7 n\u00e0y \u0111\u01b0\u1ee3c s\u1eed d\u1ee5ng \u0111\u1ec3 \u0111o l\u01b0\u1eddng hi\u1ec7u qu\u1ea3 c\u1ee7a c\u00e1c chi\u1ebfn d\u1ecbch qu\u1ea3ng c\u00e1o v\u00e0\/ho\u1eb7c c\u00e1 nh\u00e2n h\u00f3a n\u1ed9i dung qu\u1ea3ng c\u00e1o m\u00e0 b\u1ea1n th\u1ea5y tr\u00ean c\u00e1c trang web b\u1ea1n truy c\u1eadp.<\/p>\n<p>Xin l\u01b0u \u00fd r\u1eb1ng Nostalgia Sails kh\u00f4ng c\u00f3 quy\u1ec1n truy c\u1eadp ho\u1eb7c ki\u1ec3m so\u00e1t c\u00e1c cookie \u0111\u01b0\u1ee3c s\u1eed d\u1ee5ng b\u1edfi c\u00e1c nh\u00e0 qu\u1ea3ng c\u00e1o b\u00ean th\u1ee9 ba n\u00e0y.<\/p>\n<p><strong>Ch\u00ednh s\u00e1ch b\u1ea3o m\u1eadt c\u1ee7a b\u00ean th\u1ee9 ba<\/strong><\/p>\n<p>Ch\u00ednh s\u00e1ch b\u1ea3o m\u1eadt c\u1ee7a Nostalgia Sails kh\u00f4ng \u00e1p d\u1ee5ng cho c\u00e1c nh\u00e0 qu\u1ea3ng c\u00e1o ho\u1eb7c trang web kh\u00e1c. Do \u0111\u00f3, ch\u00fang t\u00f4i khuy\u00ean b\u1ea1n n\u00ean tham kh\u1ea3o Ch\u00ednh s\u00e1ch b\u1ea3o m\u1eadt t\u01b0\u01a1ng \u1ee9ng c\u1ee7a c\u00e1c m\u00e1y ch\u1ee7 qu\u1ea3ng c\u00e1o b\u00ean th\u1ee9 ba n\u00e0y \u0111\u1ec3 bi\u1ebft th\u00eam th\u00f4ng tin chi ti\u1ebft. Ch\u00ednh s\u00e1ch \u0111\u00f3 c\u00f3 th\u1ec3 bao g\u1ed3m c\u00e1c quy tr\u00ecnh v\u00e0 h\u01b0\u1edbng d\u1eabn v\u1ec1 c\u00e1ch t\u1eeb ch\u1ed1i m\u1ed9t s\u1ed1 t\u00f9y ch\u1ecdn nh\u1ea5t \u0111\u1ecbnh.<\/p>\n<p>B\u1ea1n c\u00f3 th\u1ec3 ch\u1ecdn t\u1eaft cookie th\u00f4ng qua c\u00e1c t\u00f9y ch\u1ecdn c\u1ee7a tr\u00ecnh duy\u1ec7t. \u0110\u1ec3 bi\u1ebft th\u00eam th\u00f4ng tin chi ti\u1ebft v\u1ec1 c\u00e1ch qu\u1ea3n l\u00fd cookie v\u1edbi c\u00e1c tr\u00ecnh duy\u1ec7t web c\u1ee5 th\u1ec3, b\u1ea1n c\u00f3 th\u1ec3 t\u00ecm th\u1ea5y th\u00f4ng tin \u0111\u00f3 tr\u00ean trang web t\u01b0\u01a1ng \u1ee9ng c\u1ee7a tr\u00ecnh duy\u1ec7t.<\/p>\n<p>Quy\u1ec1n ri\u00eang t\u01b0 theo CCPA (Kh\u00f4ng b\u00e1n th\u00f4ng tin c\u00e1 nh\u00e2n c\u1ee7a t\u00f4i)<\/p>\n<p>Theo CCPA, b\u00ean c\u1ea1nh c\u00e1c quy\u1ec1n kh\u00e1c, ng\u01b0\u1eddi ti\u00eau d\u00f9ng California c\u00f3 quy\u1ec1n \u0111\u01b0\u1ee3c:<\/p>\n<p>\u2013 Y\u00eau c\u1ea7u doanh nghi\u1ec7p thu th\u1eadp d\u1eef li\u1ec7u c\u00e1 nh\u00e2n c\u1ee7a ng\u01b0\u1eddi ti\u00eau d\u00f9ng ti\u1ebft l\u1ed9 c\u00e1c lo\u1ea1i v\u00e0 c\u00e1c th\u00f4ng tin c\u00e1 nh\u00e2n c\u1ee5 th\u1ec3 m\u00e0 doanh nghi\u1ec7p \u0111\u00f3 \u0111\u00e3 thu th\u1eadp v\u1ec1 ng\u01b0\u1eddi ti\u00eau d\u00f9ng.<\/p>\n<p>\u2013 Y\u00eau c\u1ea7u doanh nghi\u1ec7p x\u00f3a m\u1ecdi d\u1eef li\u1ec7u c\u00e1 nh\u00e2n v\u1ec1 ng\u01b0\u1eddi ti\u00eau d\u00f9ng m\u00e0 doanh nghi\u1ec7p \u0111\u00e3 thu th\u1eadp.<\/p>\n<p>\u2013 Y\u00eau c\u1ea7u doanh nghi\u1ec7p b\u00e1n d\u1eef li\u1ec7u c\u00e1 nh\u00e2n c\u1ee7a ng\u01b0\u1eddi ti\u00eau d\u00f9ng kh\u00f4ng \u0111\u01b0\u1ee3c ph\u00e9p b\u00e1n d\u1eef li\u1ec7u c\u00e1 nh\u00e2n c\u1ee7a ng\u01b0\u1eddi ti\u00eau d\u00f9ng \u0111\u00f3.<\/p>\n<p>N\u1ebfu b\u1ea1n g\u1eedi y\u00eau c\u1ea7u, ch\u00fang t\u00f4i c\u00f3 m\u1ed9t th\u00e1ng \u0111\u1ec3 ph\u1ea3n h\u1ed3i. N\u1ebfu b\u1ea1n mu\u1ed1n th\u1ef1c hi\u1ec7n b\u1ea5t k\u1ef3 quy\u1ec1n n\u00e0o trong s\u1ed1 n\u00e0y, vui l\u00f2ng li\u00ean h\u1ec7 v\u1edbi ch\u00fang t\u00f4i.<\/p>\n<p><strong>Quy\u1ec1n b\u1ea3o v\u1ec7 d\u1eef li\u1ec7u theo GDPR<\/strong><\/p>\n<p>Ch\u00fang t\u00f4i mu\u1ed1n \u0111\u1ea3m b\u1ea3o r\u1eb1ng b\u1ea1n ho\u00e0n to\u00e0n hi\u1ec3u r\u00f5 t\u1ea5t c\u1ea3 c\u00e1c quy\u1ec1n b\u1ea3o v\u1ec7 d\u1eef li\u1ec7u c\u1ee7a m\u00ecnh. M\u1ed7i ng\u01b0\u1eddi d\u00f9ng \u0111\u1ec1u c\u00f3 c\u00e1c quy\u1ec1n sau \u0111\u00e2y:<\/p>\n<p>\u2013 Quy\u1ec1n truy c\u1eadp \u2013 B\u1ea1n c\u00f3 quy\u1ec1n y\u00eau c\u1ea7u b\u1ea3n sao d\u1eef li\u1ec7u c\u00e1 nh\u00e2n c\u1ee7a m\u00ecnh. Ch\u00fang t\u00f4i c\u00f3 th\u1ec3 t\u00ednh ph\u00ed nh\u1ecf cho d\u1ecbch v\u1ee5 n\u00e0y.<\/p>\n<p>\u2013 Quy\u1ec1n y\u00eau c\u1ea7u ch\u1ec9nh s\u1eeda \u2013 B\u1ea1n c\u00f3 quy\u1ec1n y\u00eau c\u1ea7u ch\u00fang t\u00f4i ch\u1ec9nh s\u1eeda b\u1ea5t k\u1ef3 th\u00f4ng tin n\u00e0o m\u00e0 b\u1ea1n cho l\u00e0 kh\u00f4ng ch\u00ednh x\u00e1c. B\u1ea1n c\u0169ng c\u00f3 quy\u1ec1n y\u00eau c\u1ea7u ch\u00fang t\u00f4i b\u1ed5 sung th\u00f4ng tin m\u00e0 b\u1ea1n cho l\u00e0 ch\u01b0a \u0111\u1ea7y \u0111\u1ee7.<\/p>\n<p>\u2013 Quy\u1ec1n x\u00f3a d\u1eef li\u1ec7u \u2013 B\u1ea1n c\u00f3 quy\u1ec1n y\u00eau c\u1ea7u ch\u00fang t\u00f4i x\u00f3a d\u1eef li\u1ec7u c\u00e1 nh\u00e2n c\u1ee7a b\u1ea1n, trong m\u1ed9t s\u1ed1 \u0111i\u1ec1u ki\u1ec7n nh\u1ea5t \u0111\u1ecbnh.<\/p>\n<p>\u2013 Quy\u1ec1n h\u1ea1n ch\u1ebf x\u1eed l\u00fd d\u1eef li\u1ec7u \u2013 B\u1ea1n c\u00f3 quy\u1ec1n y\u00eau c\u1ea7u ch\u00fang t\u00f4i h\u1ea1n ch\u1ebf vi\u1ec7c x\u1eed l\u00fd d\u1eef li\u1ec7u c\u00e1 nh\u00e2n c\u1ee7a b\u1ea1n, trong m\u1ed9t s\u1ed1 \u0111i\u1ec1u ki\u1ec7n nh\u1ea5t \u0111\u1ecbnh.<\/p>\n<p>\u2013 Quy\u1ec1n ph\u1ea3n \u0111\u1ed1i vi\u1ec7c x\u1eed l\u00fd d\u1eef li\u1ec7u \u2013 B\u1ea1n c\u00f3 quy\u1ec1n ph\u1ea3n \u0111\u1ed1i vi\u1ec7c ch\u00fang t\u00f4i x\u1eed l\u00fd d\u1eef li\u1ec7u c\u00e1 nh\u00e2n c\u1ee7a b\u1ea1n, trong m\u1ed9t s\u1ed1 \u0111i\u1ec1u ki\u1ec7n nh\u1ea5t \u0111\u1ecbnh.<\/p>\n<p>\u2013 Quy\u1ec1n chuy\u1ec3n d\u1eef li\u1ec7u \u2013 B\u1ea1n c\u00f3 quy\u1ec1n y\u00eau c\u1ea7u ch\u00fang t\u00f4i chuy\u1ec3n d\u1eef li\u1ec7u m\u00e0 ch\u00fang t\u00f4i \u0111\u00e3 thu th\u1eadp cho m\u1ed9t t\u1ed5 ch\u1ee9c kh\u00e1c ho\u1eb7c tr\u1ef1c ti\u1ebfp cho b\u1ea1n, trong m\u1ed9t s\u1ed1 \u0111i\u1ec1u ki\u1ec7n nh\u1ea5t \u0111\u1ecbnh.<\/p>\n<p>N\u1ebfu b\u1ea1n g\u1eedi y\u00eau c\u1ea7u, ch\u00fang t\u00f4i c\u00f3 m\u1ed9t th\u00e1ng \u0111\u1ec3 ph\u1ea3n h\u1ed3i. N\u1ebfu b\u1ea1n mu\u1ed1n th\u1ef1c hi\u1ec7n b\u1ea5t k\u1ef3 quy\u1ec1n n\u00e0o trong s\u1ed1 n\u00e0y, vui l\u00f2ng li\u00ean h\u1ec7 v\u1edbi ch\u00fang t\u00f4i.<\/p>\n<p><strong>Th\u00f4ng tin d\u00e0nh cho tr\u1ebb em<\/strong><\/p>\n<p>M\u1ed9t ph\u1ea7n \u01b0u ti\u00ean kh\u00e1c c\u1ee7a ch\u00fang t\u00f4i l\u00e0 t\u0103ng c\u01b0\u1eddng b\u1ea3o v\u1ec7 tr\u1ebb em khi s\u1eed d\u1ee5ng internet. Ch\u00fang t\u00f4i khuy\u1ebfn kh\u00edch ph\u1ee5 huynh v\u00e0 ng\u01b0\u1eddi gi\u00e1m h\u1ed9 quan s\u00e1t, tham gia v\u00e0\/ho\u1eb7c gi\u00e1m s\u00e1t, h\u01b0\u1edbng d\u1eabn ho\u1ea1t \u0111\u1ed9ng tr\u1ef1c tuy\u1ebfn c\u1ee7a con em m\u00ecnh.<\/p>\n<p>Nostalgia Sails does not knowingly collect any Personal Identifiable Information from children under the age of 13. If you think that your child provided this kind of information on our website, we strongly encourage you to contact us immediately and we will do our best efforts to promptly remove such information from our records.<\/p>","protected":false},"excerpt":{"rendered":"<p>At Nostalgia Sails, accessible from www.nostalgiasails.com, one of our main priorities is the privacy of our visitors. This Privacy Policy document contains types of information that is collected and recorded by Nostalgia Sails and how we use it. If you have additional questions or require more information about our Privacy Policy, do not hesitate to [&hellip;]<\/p>\n","protected":false},"author":1,"featured_media":499,"parent":0,"menu_order":2,"comment_status":"closed","ping_status":"closed","template":"pages\/privacy-policy.php","meta":{"_acf_changed":false,"footnotes":""},"class_list":["post-648","page","type-page","status-publish","has-post-thumbnail","hentry"],"acf":[],"_links":{"self":[{"href":"https:\/\/nostalgiasails.com\/vi\/wp-json\/wp\/v2\/pages\/648","targetHints":{"allow":["GET"]}}],"collection":[{"href":"https:\/\/nostalgiasails.com\/vi\/wp-json\/wp\/v2\/pages"}],"about":[{"href":"https:\/\/nostalgiasails.com\/vi\/wp-json\/wp\/v2\/types\/page"}],"author":[{"embeddable":true,"href":"https:\/\/nostalgiasails.com\/vi\/wp-json\/wp\/v2\/users\/1"}],"replies":[{"embeddable":true,"href":"https:\/\/nostalgiasails.com\/vi\/wp-json\/wp\/v2\/comments?post=648"}],"version-history":[{"count":3,"href":"https:\/\/nostalgiasails.com\/vi\/wp-json\/wp\/v2\/pages\/648\/revisions"}],"predecessor-version":[{"id":773,"href":"https:\/\/nostalgiasails.com\/vi\/wp-json\/wp\/v2\/pages\/648\/revisions\/773"}],"wp:featuredmedia":[{"embeddable":true,"href":"https:\/\/nostalgiasails.com\/vi\/wp-json\/wp\/v2\/media\/499"}],"wp:attachment":[{"href":"https:\/\/nostalgiasails.com\/vi\/wp-json\/wp\/v2\/media?parent=648"}],"curies":[{"name":"wp","href":"https:\/\/api.w.org\/{rel}","templated":true}]}}