{"id":646,"date":"2026-03-18T03:03:30","date_gmt":"2026-03-18T03:03:30","guid":{"rendered":"https:\/\/nostalgiasails.com\/?page_id=646"},"modified":"2026-03-19T02:29:42","modified_gmt":"2026-03-19T02:29:42","slug":"guidelines","status":"publish","type":"page","link":"https:\/\/nostalgiasails.com\/vi\/guidelines\/","title":{"rendered":"H\u01b0\u1edbng d\u1eabn"},"content":{"rendered":"<p>M\u1ed8T V\u00c0I \u0110I\u1ec0U C\u1ea6N L\u01afU \u00dd KHI L\u00caN T\u00c0U NOSTALGIA SAILS<\/p>\n<p><span data-sheets-value=\"{&quot;1&quot;:2,&quot;2&quot;:&quot;\u2013 If you have booked the Limousine service of Pelican Cruises, please be at the indicated location at 9 am to ensure that the bus departs and arrives on time to board the cruise.\\n \\n \u2013 If you are traveling to the port by yourself, you need to arrive at least 30 minutes before the boarding time, which is 12:00 am. On peak days, national holidays, you need to arrange departure at least 1-2 hours earlier than usual to avoid traffic congestion.\\n \\n \u2013 You will need to bring the original passport\/ID and birth certificate for children to complete the check-in procedures.\\n \\n \u2013 Some useful things you can bring: sunscreen, windproof hat, swimwear, sunglasses, camera, music player, book, suitable shoes for summer and warm clothes for the winter.\\n \\n \u2013 Due to Vietnam\u2019s sea internet signal being an underground signal and blocked by the mountainous terrain of the bay, the internet signal on the cruise will be unstable especially when the boat is moving. When the boat stops, the signal will be stable and better again.\\n \\n \u2013 On the boat, a variety of drinks are provided which you can order at the bar and will be charged extra. Drinks provided free of charge are provided in the cabin (except for those in the minibar) and during the scheduled breakfast \u2013 including tea, coffee, milk, orange juice, mineral water.\\n \\n \u2013 If you pay by credit card, a surcharge of 3% of the total value according to Vietnamese bank policy may apply. Due to the unstable internet signal on the bay, it is advised to prepare cash for payment.\\n \\n We wish you a great experience to discover the seventh wonder of the world - Halong Bay with Pelican Cruises!&quot;}\" data-sheets-userformat=\"{&quot;2&quot;:7105,&quot;3&quot;:{&quot;1&quot;:0},&quot;9&quot;:0,&quot;10&quot;:1,&quot;11&quot;:4,&quot;12&quot;:0,&quot;14&quot;:{&quot;1&quot;:2,&quot;2&quot;:0},&quot;15&quot;:&quot;Arial, sans-serif&quot;}\">\u2013 N\u1ebfu qu\u00fd kh\u00e1ch \u0111\u00e3 \u0111\u1eb7t d\u1ecbch v\u1ee5 xe limousine c\u1ee7a Nostalgia Sails, vui l\u00f2ng c\u00f3 m\u1eb7t t\u1ea1i \u0111\u1ecba \u0111i\u1ec3m \u0111\u01b0\u1ee3c ch\u1ec9 \u0111\u1ecbnh l\u00fac 8:30 s\u00e1ng \u0111\u1ec3 \u0111\u1ea3m b\u1ea3o xe kh\u1edfi h\u00e0nh v\u00e0 \u0111\u1ebfn \u0111\u00fang gi\u1edd \u0111\u1ec3 l\u00ean t\u00e0u du l\u1ecbch.<\/span><\/p>\n<p>\u2013 N\u1ebfu b\u1ea1n t\u1ef1 t\u00fac di chuy\u1ec3n \u0111\u1ebfn c\u1ea3ng, b\u1ea1n c\u1ea7n \u0111\u1ebfn L\u00f4 33 C\u1ea3ng Tu\u1ea7n Ch\u00e2u, Th\u00e0nh ph\u1ed1 H\u1ea1 Long, Qu\u1ea3ng Ninh, Vi\u1ec7t Nam \u00edt nh\u1ea5t 30 ph\u00fat tr\u01b0\u1edbc gi\u1edd l\u00ean t\u00e0u, t\u1ee9c l\u00e0 12:00 tr\u01b0a. V\u00e0o nh\u1eefng ng\u00e0y cao \u0111i\u1ec3m, ng\u00e0y l\u1ec5 qu\u1ed1c gia, b\u1ea1n c\u1ea7n s\u1eafp x\u1ebfp kh\u1edfi h\u00e0nh s\u1edbm h\u01a1n \u00edt nh\u1ea5t 1-2 ti\u1ebfng so v\u1edbi th\u01b0\u1eddng l\u1ec7 \u0111\u1ec3 tr\u00e1nh \u00f9n t\u1eafc giao th\u00f4ng.<\/p>\n<p>\u2013 Qu\u00fd kh\u00e1ch c\u1ea7n mang theo h\u1ed9 chi\u1ebfu\/CMND b\u1ea3n g\u1ed1c v\u00e0 gi\u1ea5y khai sinh c\u1ee7a tr\u1ebb em \u0111\u1ec3 ho\u00e0n t\u1ea5t th\u1ee7 t\u1ee5c nh\u1eadn ph\u00f2ng.<\/p>\n<p>\u2013 M\u1ed9t s\u1ed1 v\u1eadt d\u1ee5ng h\u1eefu \u00edch b\u1ea1n c\u00f3 th\u1ec3 mang theo: kem ch\u1ed1ng n\u1eafng, m\u0169 ch\u1eafn gi\u00f3, \u0111\u1ed3 b\u01a1i, k\u00ednh r\u00e2m, m\u00e1y \u1ea3nh, m\u00e1y nghe nh\u1ea1c, s\u00e1ch, gi\u00e0y d\u00e9p ph\u00f9 h\u1ee3p cho m\u00f9a h\u00e8 v\u00e0 qu\u1ea7n \u00e1o \u1ea5m cho m\u00f9a \u0111\u00f4ng.<\/p>\n<p>\u2013 Do t\u00edn hi\u1ec7u internet bi\u1ec3n c\u1ee7a Vi\u1ec7t Nam l\u00e0 t\u00edn hi\u1ec7u ng\u1ea7m v\u00e0 b\u1ecb c\u1ea3n tr\u1edf b\u1edfi \u0111\u1ecba h\u00ecnh \u0111\u1ed3i n\u00fai c\u1ee7a v\u1ecbnh, t\u00edn hi\u1ec7u internet tr\u00ean t\u00e0u du l\u1ecbch s\u1ebd kh\u00f4ng \u1ed5n \u0111\u1ecbnh, \u0111\u1eb7c bi\u1ec7t l\u00e0 khi t\u00e0u \u0111ang di chuy\u1ec3n. Khi t\u00e0u d\u1eebng l\u1ea1i, t\u00edn hi\u1ec7u s\u1ebd \u1ed5n \u0111\u1ecbnh v\u00e0 t\u1ed1t h\u01a1n.<\/p>\n<p>\u2013 Tr\u00ean t\u00e0u, c\u00f3 nhi\u1ec1u lo\u1ea1i \u0111\u1ed3 u\u1ed1ng \u0111\u01b0\u1ee3c ph\u1ee5c v\u1ee5, qu\u00fd kh\u00e1ch c\u00f3 th\u1ec3 g\u1ecdi th\u00eam t\u1ea1i qu\u1ea7y bar (s\u1ebd t\u00ednh ph\u00ed ri\u00eang). \u0110\u1ed3 u\u1ed1ng mi\u1ec5n ph\u00ed \u0111\u01b0\u1ee3c cung c\u1ea5p trong cabin (tr\u1eeb \u0111\u1ed3 u\u1ed1ng trong minibar) v\u00e0 trong b\u1eefa s\u00e1ng theo l\u1ecbch tr\u00ecnh \u2013 bao g\u1ed3m tr\u00e0, c\u00e0 ph\u00ea, s\u1eefa, n\u01b0\u1edbc cam, n\u01b0\u1edbc kho\u00e1ng.<\/p>\n<p>\u2013 N\u1ebfu thanh to\u00e1n b\u1eb1ng th\u1ebb t\u00edn d\u1ee5ng, c\u00f3 th\u1ec3 \u00e1p d\u1ee5ng ph\u1ee5 ph\u00ed 3% t\u1ed5ng gi\u00e1 tr\u1ecb theo ch\u00ednh s\u00e1ch c\u1ee7a ng\u00e2n h\u00e0ng Vi\u1ec7t Nam. Do t\u00edn hi\u1ec7u internet t\u1ea1i khu v\u1ef1c v\u1ecbnh kh\u00f4ng \u1ed5n \u0111\u1ecbnh, n\u00ean khuy\u1ebfn c\u00e1o qu\u00fd kh\u00e1ch chu\u1ea9n b\u1ecb ti\u1ec1n m\u1eb7t \u0111\u1ec3 thanh to\u00e1n.<\/p>\n<p><em><strong>Ch\u00fac b\u1ea1n c\u00f3 m\u1ed9t tr\u1ea3i nghi\u1ec7m tuy\u1ec7t v\u1eddi khi kh\u00e1m ph\u00e1 k\u1ef3 quan th\u1ee9 b\u1ea3y c\u1ee7a th\u1ebf gi\u1edbi \u2013 V\u1ecbnh H\u1ea1 Long c\u00f9ng Nostalgia Sails!<\/strong><\/em><\/p>\n<p>&nbsp;<\/p>","protected":false},"excerpt":{"rendered":"<p>A FEW THINGS TO NOTE WHEN EMBARKING NOSTALGIA SAILS \u2013 If you have booked the Limousine service of Nostalgia Sails, please be at the indicated location at 8:30 am to ensure that the car departs and arrives on time to board the cruise. \u2013 If you are traveling to the port by yourself, you need [&hellip;]<\/p>\n","protected":false},"author":1,"featured_media":574,"parent":0,"menu_order":3,"comment_status":"closed","ping_status":"closed","template":"pages\/guidelines.php","meta":{"_acf_changed":false,"footnotes":""},"class_list":["post-646","page","type-page","status-publish","has-post-thumbnail","hentry"],"acf":[],"_links":{"self":[{"href":"https:\/\/nostalgiasails.com\/vi\/wp-json\/wp\/v2\/pages\/646","targetHints":{"allow":["GET"]}}],"collection":[{"href":"https:\/\/nostalgiasails.com\/vi\/wp-json\/wp\/v2\/pages"}],"about":[{"href":"https:\/\/nostalgiasails.com\/vi\/wp-json\/wp\/v2\/types\/page"}],"author":[{"embeddable":true,"href":"https:\/\/nostalgiasails.com\/vi\/wp-json\/wp\/v2\/users\/1"}],"replies":[{"embeddable":true,"href":"https:\/\/nostalgiasails.com\/vi\/wp-json\/wp\/v2\/comments?post=646"}],"version-history":[{"count":1,"href":"https:\/\/nostalgiasails.com\/vi\/wp-json\/wp\/v2\/pages\/646\/revisions"}],"predecessor-version":[{"id":647,"href":"https:\/\/nostalgiasails.com\/vi\/wp-json\/wp\/v2\/pages\/646\/revisions\/647"}],"wp:featuredmedia":[{"embeddable":true,"href":"https:\/\/nostalgiasails.com\/vi\/wp-json\/wp\/v2\/media\/574"}],"wp:attachment":[{"href":"https:\/\/nostalgiasails.com\/vi\/wp-json\/wp\/v2\/media?parent=646"}],"curies":[{"name":"wp","href":"https:\/\/api.w.org\/{rel}","templated":true}]}}