{"id":643,"date":"2026-03-18T02:46:19","date_gmt":"2026-03-18T02:46:19","guid":{"rendered":"https:\/\/nostalgiasails.com\/?page_id=643"},"modified":"2026-03-29T15:38:36","modified_gmt":"2026-03-29T15:38:36","slug":"airport-shuttle-service","status":"publish","type":"page","link":"https:\/\/nostalgiasails.com\/vi\/airport-shuttle-service\/","title":{"rendered":"Xe \u0111\u01b0a \u0111\u00f3n t\u1ea1i s\u00e2n bay"},"content":{"rendered":"<p><strong>D\u1ecaCH V\u1ee4 \u0110\u01afA - \u0110\u00d3N T\u1ea0I S\u00c2N BAY<\/strong><\/p>\n<p><strong>Kho\u1ea3ng c\u00e1ch<\/strong>: 35 km<br \/>\n<strong>Th\u1eddi gian<\/strong>\u00a0: 45 ph\u00fat<\/p>\n<p>If you are interested in booking our pick up services, please kindly provide the \u00a0detail of your flight &amp; your hotel reservation via Email: <a href=\"mailto:sales@nostalgiasails.com\">sales@nostalgiasails.com<\/a> (24\/7 for assistance) or kindly contact our hotline: <a href=\"tel: +84 902 012 069\">+84 902 012 069<\/a>.<\/p>\n<p>T\u00e0i x\u1ebf c\u1ee7a ch\u00fang t\u00f4i s\u1ebd \u0111\u00f3n b\u1ea1n t\u1ea1i s\u00e2n bay theo th\u00f4ng tin b\u1ea1n \u0111\u00e3 cung c\u1ea5p.<\/p>\n<p><em>Vui l\u00f2ng xem b\u1ea3ng gi\u00e1 d\u1ecbch v\u1ee5 \u0111\u01b0a \u0111\u00f3n \u01b0\u1edbc t\u00ednh b\u00ean d\u01b0\u1edbi. Xin l\u01b0u \u00fd r\u1eb1ng c\u00e1c m\u1ee9c gi\u00e1 n\u00e0y kh\u00f4ng c\u1ed1 \u0111\u1ecbnh v\u00e0 c\u00f3 th\u1ec3 thay \u0111\u1ed5i do c\u00e1c s\u1ef1 ki\u1ec7n b\u1ea5t ng\u1edd (th\u1eddi ti\u1ebft, \u0111\u00ecnh c\u00f4ng).<\/em><\/p>\n<table border=\"1\" width=\"100%\" cellspacing=\"0\" cellpadding=\"0\">\n<tbody>\n<tr>\n<td align=\"center\" valign=\"middle\"><\/td>\n<td align=\"center\" valign=\"middle\"><strong>Lo\u1ea1i ph\u01b0\u01a1ng ti\u1ec7n giao th\u00f4ng<\/strong><\/td>\n<td align=\"center\" valign=\"middle\"><strong>Gi\u00e1 tr\u00ean chuy\u1ebfn (VND\/USD)<\/strong><\/td>\n<\/tr>\n<tr>\n<td align=\"center\" valign=\"middle\">L\u1ef1a ch\u1ecdn 1<\/td>\n<td align=\"center\" valign=\"middle\">Xe 4 ch\u1ed7<\/td>\n<td align=\"center\" valign=\"middle\">(VND 497,200)\u00a0US$22 Net<\/td>\n<\/tr>\n<tr>\n<td align=\"center\" valign=\"middle\">L\u1ef1a ch\u1ecdn 2<\/td>\n<td align=\"center\" valign=\"middle\">Xe 7 ch\u1ed7<\/td>\n<td align=\"center\" valign=\"middle\">(VND 565,000)\u00a0US$25 Net<\/td>\n<\/tr>\n<tr>\n<td align=\"center\" valign=\"middle\">L\u1ef1a ch\u1ecdn 3<\/td>\n<td align=\"center\" valign=\"middle\">Xe van 16 ch\u1ed7<\/td>\n<td align=\"center\" valign=\"middle\">(VND 791,000)\u00a0US$35 Net<\/td>\n<\/tr>\n<tr>\n<td align=\"center\" valign=\"middle\">L\u1ef1a ch\u1ecdn 4<\/td>\n<td align=\"center\" valign=\"middle\">Xe kh\u00e1ch 25 ch\u1ed7<\/td>\n<td align=\"center\" valign=\"middle\">(VND 1.469,000)\u00a0US$65 Net<\/td>\n<\/tr>\n<\/tbody>\n<\/table>\n<p>&nbsp;<\/p>","protected":false},"excerpt":{"rendered":"<p>AIRPORT PICK UP | DROP OFF SERVICE Distance: 35 km Duration\u00a0: 45 minutes If you are interested in booking our pick up services, please kindly provide the \u00a0detail of your flight &amp; your hotel reservation via Email: sales@nostalgiasails.com (24\/7 for assistance) or kindly contact our hotline: +84 902 012 069. Our driver will pick you [&hellip;]<\/p>\n","protected":false},"author":1,"featured_media":645,"parent":0,"menu_order":4,"comment_status":"closed","ping_status":"closed","template":"pages\/airport-shuttle-service.php","meta":{"_acf_changed":false,"footnotes":""},"class_list":["post-643","page","type-page","status-publish","has-post-thumbnail","hentry"],"acf":[],"_links":{"self":[{"href":"https:\/\/nostalgiasails.com\/vi\/wp-json\/wp\/v2\/pages\/643","targetHints":{"allow":["GET"]}}],"collection":[{"href":"https:\/\/nostalgiasails.com\/vi\/wp-json\/wp\/v2\/pages"}],"about":[{"href":"https:\/\/nostalgiasails.com\/vi\/wp-json\/wp\/v2\/types\/page"}],"author":[{"embeddable":true,"href":"https:\/\/nostalgiasails.com\/vi\/wp-json\/wp\/v2\/users\/1"}],"replies":[{"embeddable":true,"href":"https:\/\/nostalgiasails.com\/vi\/wp-json\/wp\/v2\/comments?post=643"}],"version-history":[{"count":3,"href":"https:\/\/nostalgiasails.com\/vi\/wp-json\/wp\/v2\/pages\/643\/revisions"}],"predecessor-version":[{"id":806,"href":"https:\/\/nostalgiasails.com\/vi\/wp-json\/wp\/v2\/pages\/643\/revisions\/806"}],"wp:featuredmedia":[{"embeddable":true,"href":"https:\/\/nostalgiasails.com\/vi\/wp-json\/wp\/v2\/media\/645"}],"wp:attachment":[{"href":"https:\/\/nostalgiasails.com\/vi\/wp-json\/wp\/v2\/media?parent=643"}],"curies":[{"name":"wp","href":"https:\/\/api.w.org\/{rel}","templated":true}]}}