{"id":634,"date":"2026-03-18T02:22:21","date_gmt":"2026-03-18T02:22:21","guid":{"rendered":"https:\/\/nostalgiasails.com\/?page_id=634"},"modified":"2026-03-26T02:34:00","modified_gmt":"2026-03-26T02:34:00","slug":"weather","status":"publish","type":"page","link":"https:\/\/nostalgiasails.com\/vi\/weather\/","title":{"rendered":"Th\u1eddi ti\u1ebft"},"content":{"rendered":"<div id=\"content\" class=\"site-content\">\n<div id=\"primary\" class=\"content-area pt-5\">\n<p>&nbsp;<\/p>\n<article>\n<div class=\"container\">\n<div class=\"font-small mb-4 entry-content\">\n<div class=\"elementor elementor-2439\" data-elementor-type=\"wp-page\" data-elementor-id=\"2439\">\n<section class=\"elementor-section elementor-top-section elementor-element elementor-element-5d6b728 elementor-section-full_width elementor-section-stretched elementor-section-height-default elementor-section-height-default\" data-id=\"5d6b728\" data-element_type=\"section\" data-settings=\"{&quot;stretch_section&quot;:&quot;section-stretched&quot;}\">\n<div class=\"elementor-container elementor-column-gap-default\">\n<div class=\"elementor-column elementor-col-100 elementor-top-column elementor-element elementor-element-a1ed016\" data-id=\"a1ed016\" data-element_type=\"column\">\n<div class=\"elementor-widget-wrap elementor-element-populated\">\n<div class=\"elementor-element elementor-element-a32822a elementor-widget elementor-widget-text-editor\" data-id=\"a32822a\" data-element_type=\"widget\" data-widget_type=\"text-editor.default\">\n<div class=\"elementor-widget-container\">\n<p>V\u1ecbnh H\u1ea1 Long n\u1eb1m \u1edf ph\u00eda B\u1eafc Vi\u1ec7t Nam \u2013 ch\u1ec9 c\u00e1ch th\u1ee7 \u0111\u00f4 H\u00e0 N\u1ed9i kho\u1ea3ng 160km, t\u01b0\u01a1ng \u0111\u01b0\u01a1ng 3 gi\u1edd l\u00e1i xe, v\u00ec v\u1eady th\u1eddi ti\u1ebft \u1edf V\u1ecbnh H\u1ea1 Long ch\u1ecbu \u1ea3nh h\u01b0\u1edfng tr\u1ef1c ti\u1ebfp b\u1edfi th\u1eddi ti\u1ebft v\u00e0 kh\u00ed h\u1eadu c\u1ee7a mi\u1ec1n B\u1eafc. M\u1ed9t s\u1ed1 ng\u01b0\u1eddi c\u00f3 th\u1ec3 cho r\u1eb1ng V\u1ecbnh H\u1ea1 Long ch\u1ec9 c\u00f3 hai m\u00f9a (m\u00f9a m\u01b0a v\u00e0 m\u00f9a kh\u00f4), nh\u01b0ng ch\u00fang t\u00f4i ch\u1eafc ch\u1eafn r\u1eb1ng H\u1ea1 Long c\u00f3 nhi\u1ec1u m\u00f9a.\u00a0<strong>4 m\u00f9a (xu\u00e2n, h\u1ea1, thu v\u00e0 \u0111\u00f4ng)<\/strong>. H\u00e3y c\u00f9ng xem x\u00e9t t\u1eebng m\u00f9a d\u01b0\u1edbi \u0111\u00e2y \u0111\u1ec3 b\u1ea1n c\u00f3 th\u1ec3 t\u1ef1 x\u00e1c \u0111\u1ecbnh th\u1eddi \u0111i\u1ec3m th\u00edch h\u1ee3p ho\u1eb7c kh\u00f4ng th\u00edch h\u1ee3p \u0111\u1ec3 \u0111\u1ebfn th\u0103m V\u1ecbnh H\u1ea1 Long:<\/p>\n<ul>\n<li>M\u00f9a xu\u00e2n: Th\u00e1ng Hai \u0111\u1ebfn th\u00e1ng T\u01b0<\/li>\n<\/ul>\n<p>Beautiful time to visit Halong Bay, although the weather might be a bit cold and swimming activities won\u2019t be appreciated by many; on the other hand, you could easily participate in different activities and excursions. With a nice, sunny and cool weather, maybe foggy at some point, Halong Bay will appear very Instagram-able. An extra benefit for traveling this season is that tourists at these points are scattered, so there will be many, but never too many, so it\u2019s a perfect opportunity to enjoy some space. For those who likes exploring and taking photos with loved ones, these months from February to April is absolutely recommended.<\/p>\n<ul>\n<li>M\u00f9a h\u1ea1: Th\u00e1ng N\u0103m \u0111\u1ebfn th\u00e1ng B\u1ea3y<\/li>\n<\/ul>\n<p>Watch out, this is the peak season for domestic travelers and travelers from Asian countries, so you will expect an influx of tourists during your excursions. During summer in Vietnam, the weather is usually not predictable, it could be sunny and raining all of a sudden, sometimes typhoons and grey clouds appear out of nowhere in the sky. If you\u2019re unlucky, this could affect your booking in a way that all your excursions are off, or even your entire trip is cancelled due to bad weather. But on the upside, the weather in the summer is the most suitable to have water-based activities, like swimming, kayaking, having a refreshing cocktail on the sundeck,\u2026 If a budget is taken into account when planning your trip, note that traveling in the summer will have more financial benefits than in other seasons.<\/p>\n<ul>\n<li>M\u00f9a thu: Th\u00e1ng T\u00e1m \u0111\u1ebfn th\u00e1ng M\u01b0\u1eddi m\u1ed9t<\/li>\n<\/ul>\n<p>Nhi\u1ec1u ng\u01b0\u1eddi t\u00ecm th\u1ea5y ni\u1ec1m vui khi du l\u1ecbch V\u1ecbnh H\u1ea1 Long v\u00e0o m\u00f9a thu. M\u1eb7c d\u00f9 \u0111\u00e2y \u0111\u01b0\u1ee3c coi l\u00e0 m\u00f9a \u0111\u1eb9p nh\u1ea5t \u1edf Vi\u1ec7t Nam, nh\u01b0ng ti\u1ebfc l\u00e0 m\u1ed9t s\u1ed1 ng\u01b0\u1eddi do c\u00f4ng vi\u1ec7c ho\u1eb7c h\u1ecdc t\u1eadp kh\u00f4ng th\u1ec3 \u0111i du l\u1ecbch trong th\u1eddi gian n\u00e0y. C\u1ea7n l\u01b0u \u00fd r\u1eb1ng th\u1eddi ti\u1ebft \u1edf V\u1ecbnh H\u1ea1 Long v\u00e0o th\u1eddi \u0111i\u1ec3m n\u00e0y d\u1ec5 ch\u1ecbu nh\u1ea5t, kh\u00f4ng qu\u00e1 n\u00f3ng, kh\u00f4ng qu\u00e1 l\u1ea1nh m\u00e0 \u1ea5m \u00e1p, kh\u00f4 r\u00e1o v\u00e0 n\u1eafng r\u00e1o. Nhi\u1ec7t \u0111\u1ed9 l\u00fd t\u01b0\u1edfng cho b\u01a1i l\u1ed9i, ch\u00e8o thuy\u1ec1n kayak, c\u00e1c chuy\u1ebfn tham quan,\u2026 n\u00f3i chung l\u00e0 m\u1ed9t m\u00f9a ho\u00e0n h\u1ea3o \u0111\u1ec3 du l\u1ecbch V\u1ecbnh H\u1ea1 Long.<\/p>\n<ul>\n<li>M\u00f9a \u0111\u00f4ng: Th\u00e1ng M\u01b0\u1eddi m\u1ed9t \u0111\u1ebfn th\u00e1ng M\u1ed9t<\/li>\n<\/ul>\n<p>M\u00f9a cao \u0111i\u1ec3m \u1edf V\u1ecbnh H\u1ea1 Long. M\u1eb7c d\u00f9 th\u1eddi ti\u1ebft l\u1ea1nh h\u01a1n v\u00e0 b\u1ea1n c\u1ea7n mang theo \u00e1o len v\u00e0 \u00e1o kho\u00e1c v\u00e0o ban \u0111\u00eam, nh\u01b0ng ban ng\u00e0y th\u1eddi ti\u1ebft l\u1ea1i r\u1ea5t th\u00edch h\u1ee3p cho vi\u1ec7c du l\u1ecbch. V\u1edbi nhi\u1ec1u s\u1ef1 ki\u1ec7n di\u1ec5n ra v\u00e0o th\u1eddi \u0111i\u1ec3m n\u00e0y: Halloween, Gi\u00e1ng sinh, \u0110\u00eam giao th\u1eeba,\u2026 b\u1ea1n s\u1ebd c\u00f3 nh\u1eefng tr\u1ea3i nghi\u1ec7m tuy\u1ec7t v\u1eddi, nh\u01b0 tham gia tr\u00f2 ch\u01a1i \"xin k\u1eb9o hay b\u1ecb gh\u1eb9o\", nh\u1eadn qu\u00e0 t\u1eeb \u00f4ng gi\u00e0 Noel, c\u00f9ng \u0111\u1ebfm ng\u01b0\u1ee3c \u0111\u00f3n n\u0103m m\u1edbi v\u1edbi r\u01b0\u1ee3u s\u00e2m panh tr\u00ean boong t\u00e0u,\u2026 Th\u1eddi ti\u1ebft kh\u00f4 r\u00e1o v\u00e0 h\u01a1i l\u1ea1nh nh\u01b0ng ch\u1eafc ch\u1eafn s\u1ebd r\u1ea5t tuy\u1ec7t n\u1ebfu b\u1ea1n ng\u1ed3i th\u01b0 gi\u00e3n v\u1edbi m\u1ed9t t\u00e1ch c\u00e0 ph\u00ea ho\u1eb7c tr\u00e0 n\u00f3ng, tham gia l\u1edbp h\u1ecdc n\u1ea5u \u0103n, t\u1eadp Th\u00e1i C\u1ef1c Quy\u1ec1n, \u0111i du ngo\u1ea1n,\u2026<\/p>\n<p>&nbsp;<\/p>\n<\/div>\n<\/div>\n<div class=\"elementor-element elementor-element-3b14bbd elementor-widget elementor-widget-text-editor\" data-id=\"3b14bbd\" data-element_type=\"widget\" data-widget_type=\"text-editor.default\">\n<div class=\"elementor-widget-container\"><\/div>\n<\/div>\n<\/div>\n<\/div>\n<\/div>\n<\/section>\n<\/div>\n<\/div>\n<\/div>\n<\/article>\n<p>&nbsp;<\/p>\n<\/div>\n<\/div>\n<footer id=\"colophon\" class=\"pt-5 site-footer mx-auto\">\n<div class=\"container pt-md-4\">\n<div class=\"row\">\n<div class=\"col-12 col-lg-4\"><\/div>\n<\/div>\n<\/div>\n<\/footer>","protected":false},"excerpt":{"rendered":"<p>&nbsp; Halong Bay is located in the North of Vietnam \u2013 only about 160km away from Hanoi Capital, equals to 3-hour drive, so Halong Bay\u2019s weather is influenced directly by the weather and climate of the North. Some might argue that Halong Bay only has two seasons (rain and dry), we on the other hands [&hellip;]<\/p>\n","protected":false},"author":1,"featured_media":571,"parent":0,"menu_order":5,"comment_status":"closed","ping_status":"closed","template":"pages\/weather.php","meta":{"_acf_changed":false,"footnotes":""},"class_list":["post-634","page","type-page","status-publish","has-post-thumbnail","hentry"],"acf":[],"_links":{"self":[{"href":"https:\/\/nostalgiasails.com\/vi\/wp-json\/wp\/v2\/pages\/634","targetHints":{"allow":["GET"]}}],"collection":[{"href":"https:\/\/nostalgiasails.com\/vi\/wp-json\/wp\/v2\/pages"}],"about":[{"href":"https:\/\/nostalgiasails.com\/vi\/wp-json\/wp\/v2\/types\/page"}],"author":[{"embeddable":true,"href":"https:\/\/nostalgiasails.com\/vi\/wp-json\/wp\/v2\/users\/1"}],"replies":[{"embeddable":true,"href":"https:\/\/nostalgiasails.com\/vi\/wp-json\/wp\/v2\/comments?post=634"}],"version-history":[{"count":8,"href":"https:\/\/nostalgiasails.com\/vi\/wp-json\/wp\/v2\/pages\/634\/revisions"}],"predecessor-version":[{"id":771,"href":"https:\/\/nostalgiasails.com\/vi\/wp-json\/wp\/v2\/pages\/634\/revisions\/771"}],"wp:featuredmedia":[{"embeddable":true,"href":"https:\/\/nostalgiasails.com\/vi\/wp-json\/wp\/v2\/media\/571"}],"wp:attachment":[{"href":"https:\/\/nostalgiasails.com\/vi\/wp-json\/wp\/v2\/media?parent=634"}],"curies":[{"name":"wp","href":"https:\/\/api.w.org\/{rel}","templated":true}]}}